{"id":6729,"date":"2026-01-08T14:27:10","date_gmt":"2026-01-08T19:27:10","guid":{"rendered":"https:\/\/somosdas.org\/?page_id=6729"},"modified":"2026-02-02T10:33:37","modified_gmt":"2026-02-02T15:33:37","slug":"memorias-anuales","status":"publish","type":"page","link":"https:\/\/somosdas.org\/en\/memorias-anuales\/","title":{"rendered":"Annual Reports"},"content":{"rendered":"<div data-elementor-type=\"wp-page\" data-elementor-id=\"6729\" class=\"elementor elementor-6729\" data-elementor-post-type=\"page\">\n\t\t\t\t\t\t<section class=\"elementor-section elementor-top-section elementor-element elementor-element-3720c61 elementor-section-height-min-height elementor-section-items-bottom elementor-section-full_width elementor-section-height-default\" data-id=\"3720c61\" data-element_type=\"section\" data-e-type=\"section\" data-settings=\"{&quot;background_background&quot;:&quot;classic&quot;}\">\n\t\t\t\t\t\t<div class=\"elementor-container elementor-column-gap-no\">\n\t\t\t\t\t<div class=\"elementor-column elementor-col-100 elementor-top-column elementor-element elementor-element-6a6b27d\" data-id=\"6a6b27d\" data-element_type=\"column\" data-e-type=\"column\" data-settings=\"{&quot;background_background&quot;:&quot;classic&quot;}\">\n\t\t\t<div class=\"elementor-widget-wrap elementor-element-populated\">\n\t\t\t\t\t\t<section class=\"elementor-section elementor-inner-section elementor-element elementor-element-88ac995 elementor-section-full_width elementor-section-height-default elementor-section-height-default\" data-id=\"88ac995\" data-element_type=\"section\" data-e-type=\"section\" data-settings=\"{&quot;background_background&quot;:&quot;classic&quot;}\">\n\t\t\t\t\t\t<div class=\"elementor-container elementor-column-gap-default\">\n\t\t\t\t\t<div class=\"elementor-column elementor-col-100 elementor-inner-column elementor-element elementor-element-05cea7b\" data-id=\"05cea7b\" data-element_type=\"column\" data-e-type=\"column\" data-settings=\"{&quot;background_background&quot;:&quot;classic&quot;}\">\n\t\t\t<div class=\"elementor-widget-wrap elementor-element-populated\">\n\t\t\t\t\t\t<div class=\"elementor-element elementor-element-a91f351 elementor-widget__width-auto elementor-widget elementor-widget-heading\" data-id=\"a91f351\" data-element_type=\"widget\" data-e-type=\"widget\" data-widget_type=\"heading.default\">\n\t\t\t\t<div class=\"elementor-widget-container\">\n\t\t\t\t\t<h2 class=\"elementor-heading-title elementor-size-xxl\">ANNUAL REPORTS<\/h2>\t\t\t\t<\/div>\n\t\t\t\t<\/div>\n\t\t\t\t\t<\/div>\n\t\t<\/div>\n\t\t\t\t\t<\/div>\n\t\t<\/section>\n\t\t\t\t\t<\/div>\n\t\t<\/div>\n\t\t\t\t\t<\/div>\n\t\t<\/section>\n\t\t\t\t<section class=\"elementor-section elementor-top-section elementor-element elementor-element-b1a81a2 elementor-section-boxed elementor-section-height-default elementor-section-height-default\" data-id=\"b1a81a2\" data-element_type=\"section\" data-e-type=\"section\" data-settings=\"{&quot;background_background&quot;:&quot;classic&quot;}\">\n\t\t\t\t\t\t<div class=\"elementor-container elementor-column-gap-default\">\n\t\t\t\t\t<div class=\"elementor-column elementor-col-100 elementor-top-column elementor-element elementor-element-782fb14\" data-id=\"782fb14\" data-element_type=\"column\" data-e-type=\"column\">\n\t\t\t<div class=\"elementor-widget-wrap elementor-element-populated\">\n\t\t\t\t<div class=\"elementor-element elementor-element-0ea88ed e-flex e-con-boxed e-con e-parent\" data-id=\"0ea88ed\" data-element_type=\"container\" data-e-type=\"container\">\n\t\t\t\t\t<div class=\"e-con-inner\">\n\t\t\t\t<div class=\"elementor-element elementor-element-8a22d9e elementor-widget__width-initial elementor-widget elementor-widget-heading\" data-id=\"8a22d9e\" data-element_type=\"widget\" data-e-type=\"widget\" data-widget_type=\"heading.default\">\n\t\t\t\t<div class=\"elementor-widget-container\">\n\t\t\t\t\t<h2 class=\"elementor-heading-title elementor-size-default\">Year after year, we share the impact of our work with Indigenous communities in the Peruvian Amazon, reflected in actions that strengthen the well-being, dignity, and opportunities of those who need it most. These reports document how DAS Peru responsibly manages the resources entrusted to us to generate real and sustainable change.<\/h2>\t\t\t\t<\/div>\n\t\t\t\t<\/div>\n\t\t\t\t\t<\/div>\n\t\t\t\t<\/div>\n\t\t\t\t\t<\/div>\n\t\t<\/div>\n\t\t\t\t\t<\/div>\n\t\t<\/section>\n\t\t<div class=\"elementor-element elementor-element-fc5163a e-grid e-con-boxed e-con e-parent\" data-id=\"fc5163a\" data-element_type=\"container\" data-e-type=\"container\">\n\t\t\t\t\t<div class=\"e-con-inner\">\n\t\t<div class=\"elementor-element elementor-element-a1b63d9 e-con-full e-flex e-con e-child\" data-id=\"a1b63d9\" data-element_type=\"container\" data-e-type=\"container\">\n\t\t\t\t<div class=\"elementor-element elementor-element-9a18dad elementor-widget elementor-widget-image\" data-id=\"9a18dad\" data-element_type=\"widget\" data-e-type=\"widget\" data-widget_type=\"image.default\">\n\t\t\t\t<div class=\"elementor-widget-container\">\n\t\t\t\t\t\t\t\t\t\t\t\t\t\t\t<img fetchpriority=\"high\" decoding=\"async\" width=\"724\" height=\"1024\" src=\"https:\/\/somosdas.org\/wp-content\/uploads\/2026\/01\/Memoria-Anual-2024-724x1024.png\" class=\"attachment-large size-large wp-image-6735\" alt=\"\" srcset=\"https:\/\/somosdas.org\/wp-content\/uploads\/2026\/01\/Memoria-Anual-2024-724x1024.png 724w, https:\/\/somosdas.org\/wp-content\/uploads\/2026\/01\/Memoria-Anual-2024-212x300.png 212w, https:\/\/somosdas.org\/wp-content\/uploads\/2026\/01\/Memoria-Anual-2024-768x1086.png 768w, https:\/\/somosdas.org\/wp-content\/uploads\/2026\/01\/Memoria-Anual-2024-1086x1536.png 1086w, https:\/\/somosdas.org\/wp-content\/uploads\/2026\/01\/Memoria-Anual-2024-8x12.png 8w, https:\/\/somosdas.org\/wp-content\/uploads\/2026\/01\/Memoria-Anual-2024.png 1414w\" sizes=\"(max-width: 724px) 100vw, 724px\" \/>\t\t\t\t\t\t\t\t\t\t\t\t\t\t\t<\/div>\n\t\t\t\t<\/div>\n\t\t\t\t<div class=\"elementor-element elementor-element-e981c9e elementor-widget elementor-widget-heading\" data-id=\"e981c9e\" data-element_type=\"widget\" data-e-type=\"widget\" data-widget_type=\"heading.default\">\n\t\t\t\t<div class=\"elementor-widget-container\">\n\t\t\t\t\t<h2 class=\"elementor-heading-title elementor-size-default\">Annual Report 2024<\/h2>\t\t\t\t<\/div>\n\t\t\t\t<\/div>\n\t\t\t\t<div class=\"elementor-element elementor-element-3a52998 elementor-align-center elementor-widget elementor-widget-button\" data-id=\"3a52998\" data-element_type=\"widget\" data-e-type=\"widget\" data-widget_type=\"button.default\">\n\t\t\t\t<div class=\"elementor-widget-container\">\n\t\t\t\t\t\t\t\t\t<div class=\"elementor-button-wrapper\">\n\t\t\t\t\t<a class=\"elementor-button elementor-button-link elementor-size-sm\" href=\"https:\/\/somosdas.org\/wp-content\/uploads\/2026\/01\/MEMORIA-ANUAL-2024.pdf\" target=\"_blank\">\n\t\t\t\t\t\t<span class=\"elementor-button-content-wrapper\">\n\t\t\t\t\t\t\t\t\t<span class=\"elementor-button-text\">Download PDF<\/span>\n\t\t\t\t\t<\/span>\n\t\t\t\t\t<\/a>\n\t\t\t\t<\/div>\n\t\t\t\t\t\t\t\t<\/div>\n\t\t\t\t<\/div>\n\t\t\t\t<\/div>\n\t\t<div class=\"elementor-element elementor-element-0aaeff8 e-con-full e-flex e-con e-child\" data-id=\"0aaeff8\" data-element_type=\"container\" data-e-type=\"container\">\n\t\t\t\t<div class=\"elementor-element elementor-element-1d39c50 elementor-widget elementor-widget-image\" data-id=\"1d39c50\" data-element_type=\"widget\" data-e-type=\"widget\" data-widget_type=\"image.default\">\n\t\t\t\t<div class=\"elementor-widget-container\">\n\t\t\t\t\t\t\t\t\t\t\t\t\t\t\t<img decoding=\"async\" width=\"724\" height=\"1024\" src=\"https:\/\/somosdas.org\/wp-content\/uploads\/2026\/01\/DESARROLLO-AMBIENTAL-Y-SOCIAL-PERU-724x1024.png\" class=\"attachment-large size-large wp-image-6734\" alt=\"\" srcset=\"https:\/\/somosdas.org\/wp-content\/uploads\/2026\/01\/DESARROLLO-AMBIENTAL-Y-SOCIAL-PERU-724x1024.png 724w, https:\/\/somosdas.org\/wp-content\/uploads\/2026\/01\/DESARROLLO-AMBIENTAL-Y-SOCIAL-PERU-212x300.png 212w, https:\/\/somosdas.org\/wp-content\/uploads\/2026\/01\/DESARROLLO-AMBIENTAL-Y-SOCIAL-PERU-768x1086.png 768w, https:\/\/somosdas.org\/wp-content\/uploads\/2026\/01\/DESARROLLO-AMBIENTAL-Y-SOCIAL-PERU-1086x1536.png 1086w, https:\/\/somosdas.org\/wp-content\/uploads\/2026\/01\/DESARROLLO-AMBIENTAL-Y-SOCIAL-PERU-8x12.png 8w, https:\/\/somosdas.org\/wp-content\/uploads\/2026\/01\/DESARROLLO-AMBIENTAL-Y-SOCIAL-PERU.png 1414w\" sizes=\"(max-width: 724px) 100vw, 724px\" \/>\t\t\t\t\t\t\t\t\t\t\t\t\t\t\t<\/div>\n\t\t\t\t<\/div>\n\t\t\t\t<div class=\"elementor-element elementor-element-9cf25dd elementor-widget elementor-widget-heading\" data-id=\"9cf25dd\" data-element_type=\"widget\" data-e-type=\"widget\" data-widget_type=\"heading.default\">\n\t\t\t\t<div class=\"elementor-widget-container\">\n\t\t\t\t\t<h2 class=\"elementor-heading-title elementor-size-default\">Annual Report 2025<\/h2>\t\t\t\t<\/div>\n\t\t\t\t<\/div>\n\t\t\t\t<div class=\"elementor-element elementor-element-5bc8288 elementor-align-center elementor-widget elementor-widget-button\" data-id=\"5bc8288\" data-element_type=\"widget\" data-e-type=\"widget\" data-widget_type=\"button.default\">\n\t\t\t\t<div class=\"elementor-widget-container\">\n\t\t\t\t\t\t\t\t\t<div class=\"elementor-button-wrapper\">\n\t\t\t\t\t<a class=\"elementor-button elementor-button-link elementor-size-sm\" href=\"https:\/\/somosdas.org\/wp-content\/uploads\/2026\/02\/DESARROLLO-AMBIENTAL-Y-SOCIAL-PERU.pdf\" target=\"_blank\">\n\t\t\t\t\t\t<span class=\"elementor-button-content-wrapper\">\n\t\t\t\t\t\t\t\t\t<span class=\"elementor-button-text\">Download PDF<\/span>\n\t\t\t\t\t<\/span>\n\t\t\t\t\t<\/a>\n\t\t\t\t<\/div>\n\t\t\t\t\t\t\t\t<\/div>\n\t\t\t\t<\/div>\n\t\t\t\t<\/div>\n\t\t\t\t\t<\/div>\n\t\t\t\t<\/div>\n\t\t\t\t<\/div>","protected":false},"excerpt":{"rendered":"<p>MEMORIAS ANUALES A\u00f1o a a\u00f1o, compartimos el impacto de nuestro trabajo junto a comunidades ind\u00edgenas de la Amazon\u00eda peruana, reflejado en acciones que fortalecen el bienestar, la dignidad y las oportunidades de quienes m\u00e1s lo necesitan. Estas memorias dan cuenta de c\u00f3mo DAS Per\u00fa gestiona con responsabilidad los recursos confiados para generar cambios reales y [&hellip;]<\/p>\n","protected":false},"author":1,"featured_media":0,"parent":0,"menu_order":0,"comment_status":"closed","ping_status":"closed","template":"","meta":{"_acf_changed":false,"_coblocks_attr":"","_coblocks_dimensions":"","_coblocks_responsive_height":"","_coblocks_accordion_ie_support":"","footnotes":""},"class_list":["post-6729","page","type-page","status-publish","hentry"],"acf":[],"_links":{"self":[{"href":"https:\/\/somosdas.org\/en\/wp-json\/wp\/v2\/pages\/6729","targetHints":{"allow":["GET"]}}],"collection":[{"href":"https:\/\/somosdas.org\/en\/wp-json\/wp\/v2\/pages"}],"about":[{"href":"https:\/\/somosdas.org\/en\/wp-json\/wp\/v2\/types\/page"}],"author":[{"embeddable":true,"href":"https:\/\/somosdas.org\/en\/wp-json\/wp\/v2\/users\/1"}],"replies":[{"embeddable":true,"href":"https:\/\/somosdas.org\/en\/wp-json\/wp\/v2\/comments?post=6729"}],"version-history":[{"count":19,"href":"https:\/\/somosdas.org\/en\/wp-json\/wp\/v2\/pages\/6729\/revisions"}],"predecessor-version":[{"id":6806,"href":"https:\/\/somosdas.org\/en\/wp-json\/wp\/v2\/pages\/6729\/revisions\/6806"}],"wp:attachment":[{"href":"https:\/\/somosdas.org\/en\/wp-json\/wp\/v2\/media?parent=6729"}],"curies":[{"name":"wp","href":"https:\/\/api.w.org\/{rel}","templated":true}]}}